{"id":1900,"date":"2025-02-13T10:46:29","date_gmt":"2025-02-13T10:46:29","guid":{"rendered":"https:\/\/roxor.ch\/?page_id=1900"},"modified":"2025-05-13T11:57:03","modified_gmt":"2025-05-13T11:57:03","slug":"home","status":"publish","type":"page","link":"https:\/\/roxor.ch\/de\/","title":{"rendered":"Home"},"content":{"rendered":"<div   class='avia-fullscreen-slider main_color   avia-builder-el-0  el_before_av_section  avia-builder-el-first  container_wrap fullsize'  ><a href='#next-section' title='' class='scroll-down-link av-control-default' aria-hidden='true' data-av_icon='\ue877' data-av_iconfont='entypo-fontello'><\/a><div  class='avia-slideshow av-k7n1ydpq-1a42dc72accd33a22acff080144924fe avia-slideshow-extra_large av_fullscreen avia-slide-slider av-slideshow-ui av-control-default av-slideshow-manual av-loop-once av-loop-manual-endless av-slider-scroll-down-active av-default-height-applied   avia-slideshow-1' data-slideshow-options=\"{&quot;animation&quot;:&quot;slide&quot;,&quot;autoplay&quot;:false,&quot;loop_autoplay&quot;:&quot;once&quot;,&quot;interval&quot;:5,&quot;loop_manual&quot;:&quot;manual-endless&quot;,&quot;autoplay_stopper&quot;:false,&quot;noNavigation&quot;:false,&quot;bg_slider&quot;:true,&quot;keep_padding&quot;:false,&quot;hoverpause&quot;:false,&quot;show_slide_delay&quot;:0,&quot;slide_height&quot;:&quot;100&quot;,&quot;image_attachment&quot;:&quot;&quot;}\"  itemprop=\"image\" itemscope=\"itemscope\" itemtype=\"https:\/\/schema.org\/ImageObject\" ><ul class='avia-slideshow-inner ' style='padding-bottom: 100%;'><li  data-controls='aviaTBaviaTBvideo_controls' data-mute='aviaTBaviaTBvideo_mute' data-loop='' data-disable-autoplay=''  data-mobile-img='https:\/\/roxor.ch\/wp-content\/uploads\/sites\/2\/2020\/07\/freymatic_titelbild_start-1500x844.jpg' data-fallback-link='https:\/\/' class='avia-slideshow-slide av-k7n1ydpq-1a42dc72accd33a22acff080144924fe__0  av-video-slide av-element-cover av-video-service-html5  av-hide-video-controls av-mute-video av-mobile-fallback-image  av-single-slide slide-1 slide-odd'><div data-rel='slideshow-1' class='avia-slide-wrap ' style='background-image:url(\"https:\/\/roxor.ch\/wp-content\/uploads\/sites\/2\/2020\/07\/freymatic_titelbild_start-1500x844.jpg\");'   itemprop=\"video\" itemtype=\"https:\/\/schema.org\/VideoObject\" ><div class='av-click-overlay'><\/div><video class='avia_video' poster=\"https:\/\/roxor.ch\/wp-content\/uploads\/sites\/2\/2020\/07\/freymatic_titelbild_start-1500x844.jpg\" autoplay playsinline  preload=\"auto\" muted  id='player_1900_36037731_2007207123'><source src=\"\/wp-content\/uploads\/sites\/2\/2020\/08\/200818_roxor_titel.mp4\" type=\"video\/mp4\" \/><\/video><div class=\"av-click-to-play-overlay\"><div class=\"avia_playpause_icon\"><\/div><\/div><\/div><\/li><\/ul><div class='av-slideshow-caption av-k7n1ydpq-1a42dc72accd33a22acff080144924fe__0 caption_fullwidth caption_left'><div class=\"container caption_container\"><div class=\"slideshow_caption\"><div class=\"slideshow_inner_caption\"><div class=\"slideshow_align_caption\"><h2 class='avia-caption-title '  itemprop=\"name\" ><span class=\"first_title_start\">Roxor <\/span><br \/>\n<span class=\"second_title_start\">Strahlanlagen <\/span><\/h2><\/div><\/div><\/div><\/div><\/div><\/div><\/div>\n<div id='av_section_1'  class='avia-section av-k7n4cjxr-396eb1576c3e55a77880973cec62c385 main_color avia-section-large avia-no-border-styling  avia-builder-el-1  el_after_av_fullscreen  el_before_av_layout_row  avia-bg-style-scroll av-minimum-height av-minimum-height-50  container_wrap fullsize'   data-av_minimum_height_pc='50'><div class='container av-section-cont-open' ><div class='template-page content  av-content-full alpha units'><div class='post-entry post-entry-type-page post-entry-1900'><div class='entry-content-wrapper clearfix'>\n\n<style type=\"text\/css\" data-created_by=\"avia_inline_auto\" id=\"style-css-av-2khpu-b07ff8c40f1407a1da0821522a1787a9\">\n.flex_column.av-2khpu-b07ff8c40f1407a1da0821522a1787a9{\n-webkit-border-radius:0px 0px 0px 0px;\n-moz-border-radius:0px 0px 0px 0px;\nborder-radius:0px 0px 0px 0px;\n}\n<\/style>\n<div class='flex_column av-2khpu-b07ff8c40f1407a1da0821522a1787a9 av_two_third  avia-builder-el-2  avia-builder-el-no-sibling  first flex_column_div av-zero-column-padding '     ><p>\n<style type=\"text\/css\" data-created_by=\"avia_inline_auto\" id=\"style-css-av-kek0co1b-674f95740618e8343d023d3e0907fb4b\">\n#top .av-special-heading.av-kek0co1b-674f95740618e8343d023d3e0907fb4b{\npadding-bottom:0px;\n}\nbody .av-special-heading.av-kek0co1b-674f95740618e8343d023d3e0907fb4b .av-special-heading-tag .heading-char{\nfont-size:25px;\n}\n.av-special-heading.av-kek0co1b-674f95740618e8343d023d3e0907fb4b .av-subheading{\nfont-size:15px;\n}\n<\/style>\n<div  class='av-special-heading av-kek0co1b-674f95740618e8343d023d3e0907fb4b av-special-heading-h1 blockquote modern-quote  avia-builder-el-3  el_before_av_textblock  avia-builder-el-first '><h1 class='av-special-heading-tag'  itemprop=\"headline\"  >Willkommen bei roxor Strahlanlagen<\/h1><div class=\"special-heading-border\"><div class=\"special-heading-inner-border\"><\/div><\/div><\/div><br \/>\n<section  class='av_textblock_section av-k7n4bav4-de50763d6938bc3ad922150b1668d817'  itemscope=\"itemscope\" itemtype=\"https:\/\/schema.org\/CreativeWork\" ><div class='avia_textblock'  itemprop=\"text\" ><p>Unter dem Markennamen roxor entwickeln wir als <a href=\"https:\/\/freymatic.com\">FREYMATIC AG<\/a> spezifische Strahlanlagen, die speziell f\u00fcr das Pr\u00e4zisionsstrahlen hochwertiger Bauteile konzipiert sind. Sie sind wartungsarm, langlebig, anwenderfreundlich und deshalb optimal zugeschnitten auf h\u00f6chste Anspr\u00fcche, wie diese in der Luft- und Raumfahrt erf\u00fcllt werden m\u00fcssen. Unsere Kunden garantieren \u00fcber Jahrzehnte Qualit\u00e4t auf h\u00f6chstem Niveau. Deshalb z\u00e4hlen namhafte Aviatik-Unternehmen zu unserem zufriedenen Kundenstamm.<\/p>\n<p>Fordern Sie uns mit Ihrer Aufgabenstellung \u2013 mit unserer Erfahrung und Leidenschaft finden wir die optimale L\u00f6sung f\u00fcr Ihre Bed\u00fcrfnisse!<\/p>\n<\/div><\/section><\/p><\/div><\/div><\/div><\/div><!-- close content main div --><\/div><\/div><div id='av-layout-grid-1'  class='av-layout-grid-container av-23gai-383584f0a32002033f1bfe49c513055e entry-content-wrapper main_color av-flex-cells  avia-builder-el-5  el_after_av_section  el_before_av_hr  av-cell-min-height av-cell-min-height-80 grid-row-not-first  container_wrap fullsize'   data-av_minimum_height_pc='80'>\n\n<style type=\"text\/css\" data-created_by=\"avia_inline_auto\" id=\"style-css-av-k7n4figx-d1eaabcdd48a5b63460fe7df5dfd427c\">\n.flex_cell.av-k7n4figx-d1eaabcdd48a5b63460fe7df5dfd427c{\nvertical-align:middle;\npadding:0px 0px 0px 0px;\nbackground:url(https:\/\/roxor.ch\/wp-content\/uploads\/sites\/2\/2025\/02\/anwendungen.jpg) 100% 50% no-repeat scroll ;\n}\n<\/style>\n<div class='flex_cell av-k7n4figx-d1eaabcdd48a5b63460fe7df5dfd427c av-gridrow-cell av_three_fifth no_margin  avia-builder-el-6  el_before_av_cell_two_fifth  avia-builder-el-first  av-zero-padding avia-full-stretch' ><div class='flex_cell_inner'><\/div><\/div>\n<style type=\"text\/css\" data-created_by=\"avia_inline_auto\" id=\"style-css-av-1hb82-9174b435f7f28e6bc15d153fe3c354e3\">\n.flex_cell.av-1hb82-9174b435f7f28e6bc15d153fe3c354e3{\nvertical-align:middle;\npadding:20px 80px 20px 20px;\n}\n<\/style>\n<div class='flex_cell av-1hb82-9174b435f7f28e6bc15d153fe3c354e3 av-gridrow-cell av_two_fifth no_margin  avia-builder-el-7  el_after_av_cell_three_fifth  avia-builder-el-last ' ><div class='flex_cell_inner'>\n<style type=\"text\/css\" data-created_by=\"avia_inline_auto\" id=\"style-css-av-142wu-96ec1ce85e17683524714a0c95de40ac\">\n.flex_column.av-142wu-96ec1ce85e17683524714a0c95de40ac{\n-webkit-border-radius:0px 0px 0px 0px;\n-moz-border-radius:0px 0px 0px 0px;\nborder-radius:0px 0px 0px 0px;\n}\n<\/style>\n<div class='flex_column av-142wu-96ec1ce85e17683524714a0c95de40ac av_one_full  avia-builder-el-8  avia-builder-el-no-sibling  first flex_column_div av-zero-column-padding '     ><p>\n<style type=\"text\/css\" data-created_by=\"avia_inline_auto\" id=\"style-css-av-keica35f-6ec474327a2acc5651dce24e5aea715b\">\n#top .av-special-heading.av-keica35f-6ec474327a2acc5651dce24e5aea715b{\npadding-bottom:10px;\n}\nbody .av-special-heading.av-keica35f-6ec474327a2acc5651dce24e5aea715b .av-special-heading-tag .heading-char{\nfont-size:25px;\n}\n.av-special-heading.av-keica35f-6ec474327a2acc5651dce24e5aea715b .av-subheading{\nfont-size:15px;\n}\n<\/style>\n<div  class='av-special-heading av-keica35f-6ec474327a2acc5651dce24e5aea715b av-special-heading-h2 blockquote modern-quote  avia-builder-el-9  el_before_av_textblock  avia-builder-el-first '><h2 class='av-special-heading-tag'  itemprop=\"headline\"  >Anwendungen<\/h2><div class=\"special-heading-border\"><div class=\"special-heading-inner-border\"><\/div><\/div><\/div><br \/>\n<section  class='av_textblock_section av-k7n49ezi-90147f017434087a43960cc9a9fa1d9b'  itemscope=\"itemscope\" itemtype=\"https:\/\/schema.org\/CreativeWork\" ><div class='avia_textblock'  itemprop=\"text\" ><p>roxor Strahlanlagen werden individuell f\u00fcr die unterschiedlichen Strahlmethoden, Verdichtungs-, Umform-, Aktivierungs- oder Reinigungsstrahlen konzipiert. Jedes Verfahren sorgt f\u00fcr pr\u00e4zise Oberfl\u00e4chenbearbeitung und maximale Prozesskontrolle im jeweligen Bereich.<\/p>\n<p>Unsere Kunden erf\u00fcllen durch den Einsatz unseren Anlagen die h\u00f6chsten Anforderungen an die Zuverl\u00e4ssigkeit, Lebensdauer und Festigkeit ihrer Produkte.<\/p>\n<p><em><strong><a class=\"with_arrow\" href=\"https:\/\/roxor.ch\/de\/anwendungen\/\">Anwendungen<img loading=\"lazy\" decoding=\"async\" class=\"arrow alignnone size-full wp-image-54\" role=\"img\" src=\"\/wp-content\/uploads\/2020\/03\/pfeil.svg\" alt=\"\" width=\"50\" height=\"30\" \/><\/a><\/strong><\/em><\/p>\n<p><em><strong><a class=\"with_arrow\" href=\"https:\/\/roxor.ch\/de\/referenzen\/kumta-102\/\">Referenzanlagen<img loading=\"lazy\" decoding=\"async\" class=\"arrow alignnone size-full wp-image-54\" role=\"img\" src=\"\/wp-content\/uploads\/2020\/03\/pfeil.svg\" alt=\"\" width=\"50\" height=\"30\" \/><\/a><\/strong><\/em><\/p>\n<\/div><\/section><\/p><\/div>\n<\/div><\/div>\n<\/div><div id='after_grid_row_1'  class='main_color av_default_container_wrap container_wrap fullsize'  ><div class='container av-section-cont-open' ><div class='template-page content  av-content-full alpha units'><div class='post-entry post-entry-type-page post-entry-1900'><div class='entry-content-wrapper clearfix'><\/p>\n\n<style type=\"text\/css\" data-created_by=\"avia_inline_auto\" id=\"style-css-av-k7uet5y7-84f32112072ecf5e50b03eefa647e39f\">\n#top .hr.hr-invisible.av-k7uet5y7-84f32112072ecf5e50b03eefa647e39f{\nheight:50px;\n}\n<\/style>\n<div  class='hr av-k7uet5y7-84f32112072ecf5e50b03eefa647e39f hr-invisible  avia-builder-el-11  el_after_av_layout_row  el_before_av_layout_row  avia-builder-el-no-sibling '><span class='hr-inner '><span class=\"hr-inner-style\"><\/span><\/span><\/div>\n<\/div><\/div><\/div><!-- close content main div --><\/div><\/div><div id='av-layout-grid-2'  class='av-layout-grid-container av-23gai-15-9e7434dc189ea12e14d020ca8287d9f9 entry-content-wrapper main_color av-flex-cells  avia-builder-el-12  el_after_av_hr  el_before_av_hr  av-cell-min-height av-cell-min-height-80 grid-row-not-first  container_wrap fullsize'   data-av_minimum_height_pc='80'>\n\n<style type=\"text\/css\" data-created_by=\"avia_inline_auto\" id=\"style-css-av-k7n4figx-14-03682b3e0f7dd34032cf690a36d56d0a\">\n.flex_cell.av-k7n4figx-14-03682b3e0f7dd34032cf690a36d56d0a{\nvertical-align:middle;\npadding:20px 20px 20px 80px;\n}\n<\/style>\n<div class='flex_cell av-k7n4figx-14-03682b3e0f7dd34032cf690a36d56d0a av-gridrow-cell av_two_fifth no_margin  avia-builder-el-13  el_before_av_cell_three_fifth  avia-builder-el-first ' ><div class='flex_cell_inner'>\n<style type=\"text\/css\" data-created_by=\"avia_inline_auto\" id=\"style-css-av-142wu-12-84c8d1b0eea7df3e440f3d9c663e0023\">\n.flex_column.av-142wu-12-84c8d1b0eea7df3e440f3d9c663e0023{\n-webkit-border-radius:0px 0px 0px 0px;\n-moz-border-radius:0px 0px 0px 0px;\nborder-radius:0px 0px 0px 0px;\n}\n<\/style>\n<div class='flex_column av-142wu-12-84c8d1b0eea7df3e440f3d9c663e0023 av_one_full  avia-builder-el-14  avia-builder-el-no-sibling  first flex_column_div av-zero-column-padding '     ><p>\n<style type=\"text\/css\" data-created_by=\"avia_inline_auto\" id=\"style-css-av-keica5u3-a9b2d8e6cd05bc8f87d37b40f0fab3d8\">\n#top .av-special-heading.av-keica5u3-a9b2d8e6cd05bc8f87d37b40f0fab3d8{\npadding-bottom:10px;\n}\nbody .av-special-heading.av-keica5u3-a9b2d8e6cd05bc8f87d37b40f0fab3d8 .av-special-heading-tag .heading-char{\nfont-size:25px;\n}\n.av-special-heading.av-keica5u3-a9b2d8e6cd05bc8f87d37b40f0fab3d8 .av-subheading{\nfont-size:15px;\n}\n<\/style>\n<div  class='av-special-heading av-keica5u3-a9b2d8e6cd05bc8f87d37b40f0fab3d8 av-special-heading-h2 blockquote modern-quote  avia-builder-el-15  el_before_av_textblock  avia-builder-el-first '><h2 class='av-special-heading-tag'  itemprop=\"headline\"  >Produkteigenschaften<\/h2><div class=\"special-heading-border\"><div class=\"special-heading-inner-border\"><\/div><\/div><\/div><br \/>\n<section  class='av_textblock_section av-k7n49ezi-11-44021d18033212b2b7c111cd60e9d654'  itemscope=\"itemscope\" itemtype=\"https:\/\/schema.org\/CreativeWork\" ><div class='avia_textblock'  itemprop=\"text\" ><p>Passen Sie Ihre Strahlanlage individuell an \u2013 mit flexiblen Strahlmittelkreisl\u00e4ufen, Werkst\u00fcckbearbeitungssystemen, Strahlkabinen sowie Steuerungs- und Bedienkonzepten.<\/p>\n<p>Unser modulares System erm\u00f6glicht massgeschneiderte L\u00f6sungen f\u00fcr h\u00f6chste Effizienz und Pr\u00e4zision. Stellen Sie Ihre ideale Anlage zusammen!<\/p>\n<p><em><strong><a class=\"with_arrow\" href=\"https:\/\/roxor.ch\/de\/produkteigenschaften\/\">Produkteigenschaften<img loading=\"lazy\" decoding=\"async\" class=\"arrow alignnone size-full wp-image-54\" role=\"img\" src=\"\/wp-content\/uploads\/2020\/03\/pfeil.svg\" alt=\"\" width=\"50\" height=\"30\" \/><\/a><\/strong><\/em><\/p>\n<\/div><\/section><\/p><\/div>\n<\/div><\/div>\n<style type=\"text\/css\" data-created_by=\"avia_inline_auto\" id=\"style-css-av-1hb82-13-30b25dd88e0577c60570573dceaee7a4\">\n.flex_cell.av-1hb82-13-30b25dd88e0577c60570573dceaee7a4{\nvertical-align:middle;\npadding:0px 0px 0px 0px;\nbackground:url(https:\/\/roxor.ch\/wp-content\/uploads\/sites\/2\/2025\/02\/konfigurationen-1.jpg) 0% 50% no-repeat scroll ;\n}\n<\/style>\n<div class='flex_cell av-1hb82-13-30b25dd88e0577c60570573dceaee7a4 av-gridrow-cell av_three_fifth no_margin  avia-builder-el-17  el_after_av_cell_two_fifth  avia-builder-el-last  av-zero-padding avia-full-stretch' ><div class='flex_cell_inner'><\/div><\/div>\n<\/div><div id='after_grid_row_2'  class='main_color av_default_container_wrap container_wrap fullsize'  ><div class='container av-section-cont-open' ><div class='template-page content  av-content-full alpha units'><div class='post-entry post-entry-type-page post-entry-1900'><div class='entry-content-wrapper clearfix'>\n\n<style type=\"text\/css\" data-created_by=\"avia_inline_auto\" id=\"style-css-av-k7uet5y7-10-decae00ac5560b2d56c75c122f5d6191\">\n#top .hr.hr-invisible.av-k7uet5y7-10-decae00ac5560b2d56c75c122f5d6191{\nheight:50px;\n}\n<\/style>\n<div  class='hr av-k7uet5y7-10-decae00ac5560b2d56c75c122f5d6191 hr-invisible  avia-builder-el-18  el_after_av_layout_row  el_before_av_layout_row  avia-builder-el-no-sibling '><span class='hr-inner '><span class=\"hr-inner-style\"><\/span><\/span><\/div>\n<\/div><\/div><\/div><!-- close content main div --><\/div><\/div><div id='av-layout-grid-3'  class='av-layout-grid-container av-23gai-9-5bb2c1b5e25e2e6b590b67b479790110 entry-content-wrapper main_color av-flex-cells  avia-builder-el-19  el_after_av_hr  el_before_av_hr  av-cell-min-height av-cell-min-height-80 grid-row-not-first  container_wrap fullsize'   data-av_minimum_height_pc='80'>\n\n<style type=\"text\/css\" data-created_by=\"avia_inline_auto\" id=\"style-css-av-k7n4figx-8-d0cf9b41cf41b6aba66fca53a65899c9\">\n.flex_cell.av-k7n4figx-8-d0cf9b41cf41b6aba66fca53a65899c9{\nvertical-align:middle;\npadding:0px 0px 0px 0px;\nbackground:url(https:\/\/roxor.ch\/wp-content\/uploads\/sites\/2\/2025\/02\/dienstleistung.jpg) 100% 50% no-repeat scroll ;\n}\n<\/style>\n<div class='flex_cell av-k7n4figx-8-d0cf9b41cf41b6aba66fca53a65899c9 av-gridrow-cell av_three_fifth no_margin  avia-builder-el-20  el_before_av_cell_two_fifth  avia-builder-el-first  av-zero-padding avia-full-stretch' ><div class='flex_cell_inner'><\/div><\/div>\n<style type=\"text\/css\" data-created_by=\"avia_inline_auto\" id=\"style-css-av-1hb82-7-07257c9f6d54ddfd9cee3f2745ce3db4\">\n.flex_cell.av-1hb82-7-07257c9f6d54ddfd9cee3f2745ce3db4{\nvertical-align:middle;\npadding:20px 80px 20px 20px;\n}\n<\/style>\n<div class='flex_cell av-1hb82-7-07257c9f6d54ddfd9cee3f2745ce3db4 av-gridrow-cell av_two_fifth no_margin  avia-builder-el-21  el_after_av_cell_three_fifth  avia-builder-el-last ' ><div class='flex_cell_inner'>\n<style type=\"text\/css\" data-created_by=\"avia_inline_auto\" id=\"style-css-av-2khpu-16-4edf0e09313ae6ada835fd982388e3bc\">\n.flex_column.av-2khpu-16-4edf0e09313ae6ada835fd982388e3bc{\n-webkit-border-radius:0px 0px 0px 0px;\n-moz-border-radius:0px 0px 0px 0px;\nborder-radius:0px 0px 0px 0px;\n}\n<\/style>\n<div class='flex_column av-2khpu-16-4edf0e09313ae6ada835fd982388e3bc av_one_full  avia-builder-el-22  avia-builder-el-no-sibling  first flex_column_div av-zero-column-padding '     ><p>\n<style type=\"text\/css\" data-created_by=\"avia_inline_auto\" id=\"style-css-av-keica8jo-5a2dcd181e95c64bad1debd1d4c7721f\">\n#top .av-special-heading.av-keica8jo-5a2dcd181e95c64bad1debd1d4c7721f{\npadding-bottom:0px;\n}\nbody .av-special-heading.av-keica8jo-5a2dcd181e95c64bad1debd1d4c7721f .av-special-heading-tag .heading-char{\nfont-size:25px;\n}\n.av-special-heading.av-keica8jo-5a2dcd181e95c64bad1debd1d4c7721f .av-subheading{\nfont-size:15px;\n}\n<\/style>\n<div  class='av-special-heading av-keica8jo-5a2dcd181e95c64bad1debd1d4c7721f av-special-heading-h2 blockquote modern-quote  avia-builder-el-23  el_before_av_textblock  avia-builder-el-first '><h2 class='av-special-heading-tag'  itemprop=\"headline\"  >Dienstleistungen<\/h2><div class=\"special-heading-border\"><div class=\"special-heading-inner-border\"><\/div><\/div><\/div><br \/>\n<section  class='av_textblock_section av-k7n4bav4-17-d73f55e921ebe814cb3402c32f407e23'  itemscope=\"itemscope\" itemtype=\"https:\/\/schema.org\/CreativeWork\" ><div class='avia_textblock'  itemprop=\"text\" ><p>Wir bieten eine umfassende Beratung sowie einen ganzheitlichen Service f\u00fcr unsere roxor Strahlanlagen \u2013 von der Planung und Realisierung bis zur langfristigen Wartung, Ersatzteilversorgung und Nachr\u00fcstung.<\/p>\n<p>Dar\u00fcber hinaus modernisieren wir bestehende Anlagen durch Umbauten und Retrofits, insbesondere Baiker-Strahlanlagen, um deren Leistung und Effizienz nachhaltig zu optimieren.<\/p>\n<p><em><strong><a class=\"with_arrow\" href=\"https:\/\/www.freymatic.com\/de\/dienstleistungen\/\">Dienstleistungen<img loading=\"lazy\" decoding=\"async\" class=\"arrow alignnone size-full wp-image-54\" role=\"img\" src=\"\/wp-content\/uploads\/2020\/03\/pfeil.svg\" alt=\"\" width=\"50\" height=\"30\" \/><\/a><\/strong><\/em><\/p>\n<\/div><\/section><\/p><\/div>\n<\/div><\/div>\n<\/div><div id='after_grid_row_3'  class='main_color av_default_container_wrap container_wrap fullsize'  ><div class='container av-section-cont-open' ><div class='template-page content  av-content-full alpha units'><div class='post-entry post-entry-type-page post-entry-1900'><div class='entry-content-wrapper clearfix'>\n\n<style type=\"text\/css\" data-created_by=\"avia_inline_auto\" id=\"style-css-av-945ye4-b110d7985c3f56bf9e5c08fa37f53bc7\">\n#top .hr.hr-invisible.av-945ye4-b110d7985c3f56bf9e5c08fa37f53bc7{\nheight:50px;\n}\n<\/style>\n<div  class='hr av-945ye4-b110d7985c3f56bf9e5c08fa37f53bc7 hr-invisible  avia-builder-el-25  el_after_av_layout_row  el_before_av_layout_row  avia-builder-el-no-sibling '><span class='hr-inner '><span class=\"hr-inner-style\"><\/span><\/span><\/div>\n<\/div><\/div><\/div><!-- close content main div --><\/div><\/div><div id='av-layout-grid-4'  class='av-layout-grid-container av-5vihu4-585a412b15ba13a58e26e27406cbba1c entry-content-wrapper main_color av-flex-cells  avia-builder-el-26  el_after_av_hr  el_before_av_hr  av-cell-min-height av-cell-min-height-80 grid-row-not-first  container_wrap fullsize'   data-av_minimum_height_pc='80'>\n\n<style type=\"text\/css\" data-created_by=\"avia_inline_auto\" id=\"style-css-av-m8nawqw3-aa6b5a1bc288c6db0ddeda73029b16d7\">\n.flex_cell.av-m8nawqw3-aa6b5a1bc288c6db0ddeda73029b16d7{\nvertical-align:middle;\npadding:0px 0px 0px 0px;\n}\n<\/style>\n<div class='flex_cell av-m8nawqw3-aa6b5a1bc288c6db0ddeda73029b16d7 av-gridrow-cell av_two_fifth no_margin  avia-builder-el-27  el_before_av_cell_three_fifth  avia-builder-el-first  av-zero-padding avia-full-stretch' ><div class='flex_cell_inner'>\n<style type=\"text\/css\" data-created_by=\"avia_inline_auto\" id=\"style-css-av-39tid8-a54bb29d94db0cb731d4700e685a462e\">\n.flex_column.av-39tid8-a54bb29d94db0cb731d4700e685a462e{\n-webkit-border-radius:0px 0px 0px 0px;\n-moz-border-radius:0px 0px 0px 0px;\nborder-radius:0px 0px 0px 0px;\n}\n<\/style>\n<div class='flex_column av-39tid8-a54bb29d94db0cb731d4700e685a462e av_one_full  avia-builder-el-28  avia-builder-el-no-sibling  first flex_column_div av-zero-column-padding '     ><p>\n<style type=\"text\/css\" data-created_by=\"avia_inline_auto\" id=\"style-css-av-m8nawvr2-6f4c389a1c665601b2acd6dc3ec64f74\">\n#top .av-special-heading.av-m8nawvr2-6f4c389a1c665601b2acd6dc3ec64f74{\npadding-bottom:0px;\n}\nbody .av-special-heading.av-m8nawvr2-6f4c389a1c665601b2acd6dc3ec64f74 .av-special-heading-tag .heading-char{\nfont-size:25px;\n}\n.av-special-heading.av-m8nawvr2-6f4c389a1c665601b2acd6dc3ec64f74 .av-subheading{\nfont-size:15px;\n}\n<\/style>\n<div  class='av-special-heading av-m8nawvr2-6f4c389a1c665601b2acd6dc3ec64f74 av-special-heading-h2 blockquote modern-quote  avia-builder-el-29  el_before_av_textblock  avia-builder-el-first '><h2 class='av-special-heading-tag'  itemprop=\"headline\"  >Unternehmen<\/h2><div class=\"special-heading-border\"><div class=\"special-heading-inner-border\"><\/div><\/div><\/div><br \/>\n<section  class='av_textblock_section av-m8nax25p-0e606467ec8bb4be0547be2b5b031077'  itemscope=\"itemscope\" itemtype=\"https:\/\/schema.org\/CreativeWork\" ><div class='avia_textblock'  itemprop=\"text\" ><p>Hinter dem Produktnamen roxor steht die Firma FREYMATIC AG. Unter diesem Namen d\u00fcrfen wir uns als ein etabliertes Schweizer Unternehmen, das seit 1855 im Sondermaschinen- und Anlagenbau t\u00e4tig ist, bezeichnen.<\/p>\n<p>Urspr\u00fcnglich auf den Anlagenbau f\u00fcr die Keramik- und Ziegelindustrie spezialisiert, fokussieren wir uns seit 2011 zunehmend auf die Entwicklung von High-End-Strahlanlagen und effiziente Betriebsmittel f\u00fcr das Handling von Bauteilen rund um diese Anlagen.<\/p>\n<p><a class=\"with_arrow\" href=\"https:\/\/freymatic.com\/de\"><br \/>\n<img loading=\"lazy\" decoding=\"async\" style=\"vertical-align: middle\" src=\"\/wp-content\/uploads\/sites\/2\/2020\/03\/freymatic_logo_web.svg\" alt=\"Logo\" width=\"100\" height=\"60\" \/><img loading=\"lazy\" decoding=\"async\" class=\"arrow alignnone size-full wp-image-54\" style=\"vertical-align: middle\" role=\"img\" src=\"\/wp-content\/uploads\/sites\/4\/2020\/03\/pfeil.svg\" alt=\"\" width=\"50\" height=\"30\" \/><br \/>\n<\/a><\/p>\n<\/div><\/section><\/p><\/div>\n<\/div><\/div>\n<style type=\"text\/css\" data-created_by=\"avia_inline_auto\" id=\"style-css-av-4e1rpo-bdfd945943147cf5954197153b80b3ec\">\n.flex_cell.av-4e1rpo-bdfd945943147cf5954197153b80b3ec{\nvertical-align:middle;\npadding:20px 80px 20px 20px;\nbackground:url(https:\/\/roxor.ch\/wp-content\/uploads\/sites\/2\/2025\/05\/unternehmen-1030x579.jpg) 0% 0% no-repeat scroll ;\n}\n<\/style>\n<div class='flex_cell av-4e1rpo-bdfd945943147cf5954197153b80b3ec av-gridrow-cell av_three_fifth no_margin  avia-builder-el-31  el_after_av_cell_two_fifth  avia-builder-el-last ' ><div class='flex_cell_inner'><\/div><\/div><\/div><div id='after_grid_row_4'  class='main_color av_default_container_wrap container_wrap fullsize'  ><div class='container av-section-cont-open' ><div class='template-page content  av-content-full alpha units'><div class='post-entry post-entry-type-page post-entry-1900'><div class='entry-content-wrapper clearfix'>\n<style type=\"text\/css\" data-created_by=\"avia_inline_auto\" id=\"style-css-av-362h98-e91b4feaf4b9f9c886a551a0f0e8e157\">\n#top .hr.hr-invisible.av-362h98-e91b4feaf4b9f9c886a551a0f0e8e157{\nheight:50px;\n}\n<\/style>\n<div  class='hr av-362h98-e91b4feaf4b9f9c886a551a0f0e8e157 hr-invisible  avia-builder-el-32  el_after_av_layout_row  avia-builder-el-no-sibling '><span class='hr-inner '><span class=\"hr-inner-style\"><\/span><\/span><\/div><\/p>\n","protected":false},"excerpt":{"rendered":"","protected":false},"author":3,"featured_media":1321,"parent":0,"menu_order":0,"comment_status":"closed","ping_status":"closed","template":"","meta":{"inline_featured_image":false,"footnotes":""},"class_list":["post-1900","page","type-page","status-publish","has-post-thumbnail","hentry"],"_links":{"self":[{"href":"https:\/\/roxor.ch\/de\/wp-json\/wp\/v2\/pages\/1900"}],"collection":[{"href":"https:\/\/roxor.ch\/de\/wp-json\/wp\/v2\/pages"}],"about":[{"href":"https:\/\/roxor.ch\/de\/wp-json\/wp\/v2\/types\/page"}],"author":[{"embeddable":true,"href":"https:\/\/roxor.ch\/de\/wp-json\/wp\/v2\/users\/3"}],"replies":[{"embeddable":true,"href":"https:\/\/roxor.ch\/de\/wp-json\/wp\/v2\/comments?post=1900"}],"version-history":[{"count":34,"href":"https:\/\/roxor.ch\/de\/wp-json\/wp\/v2\/pages\/1900\/revisions"}],"predecessor-version":[{"id":2892,"href":"https:\/\/roxor.ch\/de\/wp-json\/wp\/v2\/pages\/1900\/revisions\/2892"}],"wp:featuredmedia":[{"embeddable":true,"href":"https:\/\/roxor.ch\/de\/wp-json\/wp\/v2\/media\/1321"}],"wp:attachment":[{"href":"https:\/\/roxor.ch\/de\/wp-json\/wp\/v2\/media?parent=1900"}],"curies":[{"name":"wp","href":"https:\/\/api.w.org\/{rel}","templated":true}]}}