{"id":2126,"date":"2025-03-03T13:48:11","date_gmt":"2025-03-03T13:48:11","guid":{"rendered":"https:\/\/roxor.ch\/?page_id=2126"},"modified":"2025-04-28T07:51:56","modified_gmt":"2025-04-28T07:51:56","slug":"kuvs-104","status":"publish","type":"page","link":"https:\/\/roxor.ch\/de\/referenzen\/kuvs-104\/","title":{"rendered":"Referenz &#8211; KUVS-104"},"content":{"rendered":"<div id='av_section_1'  class='avia-section av-28jeh0k-5bd3ac53c1a16786aab9411ad1c27cf9 footer_color avia-section-default avia-no-border-styling  avia-builder-el-0  el_before_av_hr  avia-builder-el-first  page_intro page_intro_am avia-bg-style-scroll av-minimum-height av-minimum-height-50  container_wrap fullsize'   data-av_minimum_height_pc='50'><div class='container av-section-cont-open' ><main  role=\"main\" itemprop=\"mainContentOfPage\"  class='template-page content  av-content-full alpha units'><div class='post-entry post-entry-type-page post-entry-2126'><div class='entry-content-wrapper clearfix'>\n\n<style type=\"text\/css\" data-created_by=\"avia_inline_auto\" id=\"style-css-av-25xq4p0-d2eba66711b8394d2c00c87b84ca3acf\">\n.flex_column.av-25xq4p0-d2eba66711b8394d2c00c87b84ca3acf{\n-webkit-border-radius:0px 0px 0px 0px;\n-moz-border-radius:0px 0px 0px 0px;\nborder-radius:0px 0px 0px 0px;\n}\n<\/style>\n<div class='flex_column av-25xq4p0-d2eba66711b8394d2c00c87b84ca3acf av_one_half  avia-builder-el-1  el_before_av_one_half  avia-builder-el-first  page_intro_title first flex_column_div av-animated-generic left-to-right av-zero-column-padding '     ><style type=\"text\/css\" data-created_by=\"avia_inline_auto\" id=\"style-css-av-24kp310-6f9b0f55f3eb3cf0be08da29909b326d\">\n#top .av-special-heading.av-24kp310-6f9b0f55f3eb3cf0be08da29909b326d{\npadding-bottom:10px;\n}\nbody .av-special-heading.av-24kp310-6f9b0f55f3eb3cf0be08da29909b326d .av-special-heading-tag .heading-char{\nfont-size:25px;\n}\n.av-special-heading.av-24kp310-6f9b0f55f3eb3cf0be08da29909b326d .av-subheading{\nfont-size:15px;\n}\n<\/style>\n<div  class='av-special-heading av-24kp310-6f9b0f55f3eb3cf0be08da29909b326d av-special-heading-h1 blockquote modern-quote  avia-builder-el-2  avia-builder-el-no-sibling '><h1 class='av-special-heading-tag'  itemprop=\"headline\"  >Verdichtungsstrahlanlage<\/h1><div class='av-subheading av-subheading_below'><p>KUVS-104<\/p>\n<\/div><div class=\"special-heading-border\"><div class=\"special-heading-inner-border\"><\/div><\/div><\/div><\/div><div class='flex_column av-l8vepg-d7d5c596ba375233d6dd66be764775cb av_one_half  avia-builder-el-3  el_after_av_one_half  avia-builder-el-last  flex_column_div '     ><\/div>\n<\/div><\/div><\/main><!-- close content main element --><\/div><\/div><div id='after_section_1'  class='main_color av_default_container_wrap container_wrap fullsize'  ><div class='container av-section-cont-open' ><div class='template-page content  av-content-full alpha units'><div class='post-entry post-entry-type-page post-entry-2126'><div class='entry-content-wrapper clearfix'>\n\n<style type=\"text\/css\" data-created_by=\"avia_inline_auto\" id=\"style-css-av-m7nd0h7e-3956a0dc863b6da075ed6988f5f29131\">\n#top .hr.hr-invisible.av-m7nd0h7e-3956a0dc863b6da075ed6988f5f29131{\nheight:50px;\n}\n<\/style>\n<div  class='hr av-m7nd0h7e-3956a0dc863b6da075ed6988f5f29131 hr-invisible  avia-builder-el-4  el_after_av_section  el_before_av_section  avia-builder-el-no-sibling '><span class='hr-inner '><span class=\"hr-inner-style\"><\/span><\/span><\/div>\n<\/div><\/div><\/div><!-- close content main div --><\/div><\/div><div id='av_section_2'  class='avia-section av-2429af8-41bd7aa1fe05f598fe66cebb7afe1564 main_color avia-section-default avia-no-border-styling  avia-builder-el-5  el_after_av_hr  el_before_av_section  maschine_beschrieb avia-bg-style-scroll container_wrap fullsize'  ><div class='container av-section-cont-open' ><div class='template-page content  av-content-full alpha units'><div class='post-entry post-entry-type-page post-entry-2126'><div class='entry-content-wrapper clearfix'>\n\n<style type=\"text\/css\" data-created_by=\"avia_inline_auto\" id=\"style-css-av-215quw4-798f87c37b6d9752295fa0972c0838ce\">\n.flex_column.av-215quw4-798f87c37b6d9752295fa0972c0838ce{\n-webkit-border-radius:0px 0px 0px 0px;\n-moz-border-radius:0px 0px 0px 0px;\nborder-radius:0px 0px 0px 0px;\n}\n<\/style>\n<div class='flex_column av-215quw4-798f87c37b6d9752295fa0972c0838ce av_three_fourth  avia-builder-el-6  el_before_av_one_fourth  avia-builder-el-first  first flex_column_div av-zero-column-padding '     ><p>\n<style type=\"text\/css\" data-created_by=\"avia_inline_auto\" id=\"style-css-av-201v8sk-813582d605c9394471b50c479abbf2ca\">\n#top .av-special-heading.av-201v8sk-813582d605c9394471b50c479abbf2ca{\npadding-bottom:10px;\n}\nbody .av-special-heading.av-201v8sk-813582d605c9394471b50c479abbf2ca .av-special-heading-tag .heading-char{\nfont-size:25px;\n}\n.av-special-heading.av-201v8sk-813582d605c9394471b50c479abbf2ca .av-subheading{\nfont-size:15px;\n}\n<\/style>\n<div  class='av-special-heading av-201v8sk-813582d605c9394471b50c479abbf2ca av-special-heading-h1 blockquote modern-quote  avia-builder-el-7  el_before_av_textblock  avia-builder-el-first '><h1 class='av-special-heading-tag'  itemprop=\"headline\"  >KURZBESCHRIEB<\/h1><div class=\"special-heading-border\"><div class=\"special-heading-inner-border\"><\/div><\/div><\/div><br \/>\n<section  class='av_textblock_section av-1xqpug4-6865c5027bbb3dbb7e9458c3d0feb0db'  itemscope=\"itemscope\" itemtype=\"https:\/\/schema.org\/CreativeWork\" ><div class='avia_textblock'  itemprop=\"text\" ><p>Die Verdichtungsstrahlanlage KUVS-104 wird bei f\u00fchrenden Hersteller f\u00fcr Flugzeugtriebwerke eingesetzt. Dabei gilt es komplizierte und schwer zug\u00e4ngliche Stellen, unter Einhaltung gr\u00f6sster Pr\u00e4zision an Blisk-Rotoren und HPT-Scheiben zu bearbeiten.<\/p>\n<\/div><\/section><br \/>\n\n<style type=\"text\/css\" data-created_by=\"avia_inline_auto\" id=\"style-css-av-1x0hwys-aeccba7851f3689d06ab268a58c4dcb1\">\n#top .av-special-heading.av-1x0hwys-aeccba7851f3689d06ab268a58c4dcb1{\npadding-bottom:10px;\n}\nbody .av-special-heading.av-1x0hwys-aeccba7851f3689d06ab268a58c4dcb1 .av-special-heading-tag .heading-char{\nfont-size:25px;\n}\n.av-special-heading.av-1x0hwys-aeccba7851f3689d06ab268a58c4dcb1 .av-subheading{\nfont-size:15px;\n}\n<\/style>\n<div  class='av-special-heading av-1x0hwys-aeccba7851f3689d06ab268a58c4dcb1 av-special-heading-h1 blockquote modern-quote  avia-builder-el-9  el_after_av_textblock  el_before_av_table '><h1 class='av-special-heading-tag'  itemprop=\"headline\"  >Technische Daten<\/h1><div class=\"special-heading-border\"><div class=\"special-heading-inner-border\"><\/div><\/div><\/div><br \/>\n<div class='avia-data-table-wrap av-1vanmd0-a6bac88dfff726236ad3e1819285bc87 avia_responsive_table avia-table-1'><table  class='avia-table avia-data-table avia_pricing_minimal  avia-builder-el-10  el_after_av_heading  avia-builder-el-last  technischedaten'  itemscope=\"itemscope\" itemtype=\"https:\/\/schema.org\/Table\" ><tbody><tr class=''><td class='avia-highlight-col'>Typ<\/td><td class=''>Verdichtungsstrahlen<\/td><\/tr><tr class=''><td class='avia-highlight-col'>Kabine<\/td><td class=''>doppelwandig schall-isoliert, verschraubt Fl\u00fcgelt\u00fcre mit Kranklappe<\/td><\/tr><tr class=''><td class='avia-highlight-col'>Strahlmittel<\/td><td class=''>Stahl S70R und S110H<\/td><\/tr><tr class=''><td class='avia-highlight-col'>Strahlsystem<\/td><td class=''>1 kontinuierliches Strahlsystem mit 5 Dosierungen, davon 4 mit einer Durchflussrate 0.1 \u2013 1.8 kg\/min und eine Dosierung mit 1 \u2013 6 kg\/min und einer Dosiergenauigkeit von min. \u00b1 4%<br \/>\n1 diskontinuierliches Strahlsystem mit einer Dosierung mit einer Durchflussrate von 1 \u2013 6 kg\/min<\/td><\/tr><tr class=''><td class='avia-highlight-col'>D\u00fcsenbewegung<\/td><td class=''>2 St\u00e4ubli 6-Achsen Roboter RX160<\/td><\/tr><tr class=''><td class='avia-highlight-col'>Bauteilbewegung<\/td><td class=''>Drehtisch als 13. Roboterachse mit Positioniergenauigkeit von \u00b1 0.015\u00b0<\/td><\/tr><tr class=''><td class='avia-highlight-col'>Bauteilgr\u00f6ssen<\/td><td class=''>Durchmesser bis 800 mm<\/td><\/tr><tr class=''><td class='avia-highlight-col'>Strahlmittel-Umlauf <\/td><td class=''>Flugf\u00f6rderung mit Prallabscheidern Sieb mit Quick-Change, l\u00e4rmgekapselt<\/td><\/tr><\/tbody><\/table><\/div><\/p><\/div><div class='flex_column av-4fmcxa-a4810e90180aa85b77bcdf443dadda19 av_one_fourth  avia-builder-el-11  el_after_av_three_fourth  avia-builder-el-last  flex_column_div av-hide-on-mobile '     ><div  class='avia-builder-widget-area clearfix  avia-builder-el-12  avia-builder-el-no-sibling '><div id=\"nav_menu-2\" class=\"widget clearfix widget_nav_menu\"><h3 class=\"widgettitle\">Weitere Anlagen<\/h3><div class=\"menu-untermenu-referenzanlagen-container\"><ul id=\"menu-untermenu-referenzanlagen\" class=\"menu\"><li id=\"menu-item-2343\" class=\"menu-item menu-item-type-post_type menu-item-object-page menu-item-2343\"><a href=\"https:\/\/roxor.ch\/de\/referenzen\/kumta-102\/\">KUMTA-102<\/a><\/li>\n<li id=\"menu-item-2344\" class=\"menu-item menu-item-type-post_type menu-item-object-page menu-item-2344\"><a href=\"https:\/\/roxor.ch\/de\/referenzen\/kuvs-102\/\">KUVS-102<\/a><\/li>\n<li id=\"menu-item-2345\" class=\"menu-item menu-item-type-post_type menu-item-object-page menu-item-2345\"><a href=\"https:\/\/roxor.ch\/de\/referenzen\/kuvs-104\/\">KUVS-104<\/a><\/li>\n<li id=\"menu-item-2346\" class=\"menu-item menu-item-type-post_type menu-item-object-page menu-item-2346\"><a href=\"https:\/\/roxor.ch\/de\/referenzen\/rsas-102\/\">RSAS-102<\/a><\/li>\n<\/ul><\/div><\/div><\/div><\/div><\/div><\/div><\/div><!-- close content main div --><\/div><\/div><div id='av_section_3'  class='avia-section av-jfbspw-782656bdad9e7f86a11d960f19563f2f main_color avia-section-default avia-no-border-styling  avia-builder-el-13  el_after_av_section  el_before_av_hr  avia-bg-style-scroll container_wrap fullsize'  ><div class='container av-section-cont-open' ><div class='template-page content  av-content-full alpha units'><div class='post-entry post-entry-type-page post-entry-2126'><div class='entry-content-wrapper clearfix'>\n\n<style type=\"text\/css\" data-created_by=\"avia_inline_auto\" id=\"style-css-av-h318w4-e1a8f3a89d00a4956cd689c8d45c2657\">\n.flex_column.av-h318w4-e1a8f3a89d00a4956cd689c8d45c2657{\n-webkit-border-radius:0px 0px 0px 0px;\n-moz-border-radius:0px 0px 0px 0px;\nborder-radius:0px 0px 0px 0px;\n}\n<\/style>\n<div class='flex_column av-h318w4-e1a8f3a89d00a4956cd689c8d45c2657 av_one_half  avia-builder-el-14  el_before_av_one_half  avia-builder-el-first  detailvorteile first flex_column_div av-zero-column-padding '     ><p>\n<style type=\"text\/css\" data-created_by=\"avia_inline_auto\" id=\"style-css-av-fgyu9g-08fa42e302125c7cc775e3920ab2759e\">\n#top .av-special-heading.av-fgyu9g-08fa42e302125c7cc775e3920ab2759e{\npadding-bottom:10px;\n}\nbody .av-special-heading.av-fgyu9g-08fa42e302125c7cc775e3920ab2759e .av-special-heading-tag .heading-char{\nfont-size:25px;\n}\n.av-special-heading.av-fgyu9g-08fa42e302125c7cc775e3920ab2759e .av-subheading{\nfont-size:15px;\n}\n<\/style>\n<div  class='av-special-heading av-fgyu9g-08fa42e302125c7cc775e3920ab2759e av-special-heading-h1 blockquote modern-quote  avia-builder-el-15  el_before_av_textblock  avia-builder-el-first '><h1 class='av-special-heading-tag'  itemprop=\"headline\"  >HIGHLIGHTS<\/h1><div class=\"special-heading-border\"><div class=\"special-heading-inner-border\"><\/div><\/div><\/div><br \/>\n<section  class='av_textblock_section av-ejnf90-836a54bd769f48080cee05c578d60e06'  itemscope=\"itemscope\" itemtype=\"https:\/\/schema.org\/CreativeWork\" ><div class='avia_textblock'  itemprop=\"text\" ><ul>\n<li>Vollautomatischer Wechsel der Aussen-Strahlwerkzeuge<\/li>\n<li>Messtaster zur Ermittlung der relativen Werkzeug- und Werkst\u00fcckposition.<\/li>\n<li>Innenstrahlen von gekr\u00fcmmten Airholes mit einer Bahngenauigkeit der Strahld\u00fcse &lt; 0.1 mm<\/li>\n<li>Automatische Programmanpassung der Strahld\u00fcsenbewegung anhand der Werkst\u00fcckausmessung<\/li>\n<li>Automatisch verstellbare doppelseitig wirkende Strahld\u00fcse f\u00fcr Blisk-Schaufeln<\/li>\n<li>Sofortiges Not-Aus dank \u00dcberwachung der Strahlschl\u00e4uche ausserhalb der Kabine<\/li>\n<li>Mobiles Rollsilo-System erm\u00f6glicht eine niedrige Bauh\u00f6he der Anlage und den Einsatz von beliebig vielen unterschiedlichen Korngr\u00f6ssen<\/li>\n<\/ul>\n<\/div><\/section><\/p><\/div>\n<style type=\"text\/css\" data-created_by=\"avia_inline_auto\" id=\"style-css-av-d1z72c-ae11d7fde89e642606c015ab8272544a\">\n.flex_column.av-d1z72c-ae11d7fde89e642606c015ab8272544a{\n-webkit-border-radius:0px 0px 0px 0px;\n-moz-border-radius:0px 0px 0px 0px;\nborder-radius:0px 0px 0px 0px;\n}\n<\/style>\n<div class='flex_column av-d1z72c-ae11d7fde89e642606c015ab8272544a av_one_half  avia-builder-el-17  el_after_av_one_half  avia-builder-el-last  einsatzbereiche flex_column_div av-zero-column-padding '     ><p>\n<style type=\"text\/css\" data-created_by=\"avia_inline_auto\" id=\"style-css-av-azz0kk-099468ffdf2ad03aa81e3229a80451ef\">\n#top .av-special-heading.av-azz0kk-099468ffdf2ad03aa81e3229a80451ef{\npadding-bottom:10px;\n}\nbody .av-special-heading.av-azz0kk-099468ffdf2ad03aa81e3229a80451ef .av-special-heading-tag .heading-char{\nfont-size:25px;\n}\n.av-special-heading.av-azz0kk-099468ffdf2ad03aa81e3229a80451ef .av-subheading{\nfont-size:15px;\n}\n<\/style>\n<div  class='av-special-heading av-azz0kk-099468ffdf2ad03aa81e3229a80451ef av-special-heading-h1 blockquote modern-quote  avia-builder-el-18  el_before_av_textblock  avia-builder-el-first '><h1 class='av-special-heading-tag'  itemprop=\"headline\"  >EINSATZBEREICHE<\/h1><div class=\"special-heading-border\"><div class=\"special-heading-inner-border\"><\/div><\/div><\/div><br \/>\n<section  class='av_textblock_section av-9am2ys-7a1b59e71381978124e4f5b190aba936'  itemscope=\"itemscope\" itemtype=\"https:\/\/schema.org\/CreativeWork\" ><div class='avia_textblock'  itemprop=\"text\" ><ul>\n<li>BLISK-Rotoren f\u00fcr Flugzeugtriebwerke<\/li>\n<li>HPT-Scheiben f\u00fcr Flugzeugtriebwerke<\/li>\n<\/ul>\n<\/div><\/section><\/p><\/div>\n<\/div><\/div><\/div><!-- close content main div --><\/div><\/div><div id='after_section_3'  class='main_color av_default_container_wrap container_wrap fullsize'  ><div class='container av-section-cont-open' ><div class='template-page content  av-content-full alpha units'><div class='post-entry post-entry-type-page post-entry-2126'><div class='entry-content-wrapper clearfix'><\/p>\n<div  class='hr av-7zip0k-baf859cd59e73387a8d490e038fade2f hr-default  avia-builder-el-20  el_after_av_section  el_before_av_section  avia-builder-el-no-sibling '><span class='hr-inner '><span class=\"hr-inner-style\"><\/span><\/span><\/div>\n<\/div><\/div><\/div><!-- close content main div --><\/div><\/div><div id='av_section_4'  class='avia-section av-65txuc-77e2fa3dbda571a6b6f187a0ef72ee25 main_color avia-section-default avia-no-border-styling  avia-builder-el-21  el_after_av_hr  avia-builder-el-last  avia-bg-style-scroll container_wrap fullsize'  ><div class='container av-section-cont-open' ><div class='template-page content  av-content-full alpha units'><div class='post-entry post-entry-type-page post-entry-2126'><div class='entry-content-wrapper clearfix'>\n\n<style type=\"text\/css\" data-created_by=\"avia_inline_auto\" id=\"style-css-av-4q6l44-4901b43d849d27e9af9e305fb90f3e1e\">\n#top .av-special-heading.av-4q6l44-4901b43d849d27e9af9e305fb90f3e1e{\npadding-bottom:10px;\n}\nbody .av-special-heading.av-4q6l44-4901b43d849d27e9af9e305fb90f3e1e .av-special-heading-tag .heading-char{\nfont-size:25px;\n}\n.av-special-heading.av-4q6l44-4901b43d849d27e9af9e305fb90f3e1e .av-subheading{\nfont-size:15px;\n}\n<\/style>\n<div  class='av-special-heading av-4q6l44-4901b43d849d27e9af9e305fb90f3e1e av-special-heading-h1 blockquote modern-quote  avia-builder-el-22  el_before_av_masonry_gallery  avia-builder-el-no-sibling '><h1 class='av-special-heading-tag'  itemprop=\"headline\"  >Galerie<\/h1><div class=\"special-heading-border\"><div class=\"special-heading-inner-border\"><\/div><\/div><\/div>\n<div id='av-masonry-1' class='av-masonry av-2tpitw-c5a2f8b47d73e50c69252230d42da724 noHover av-fixed-size av-large-gap av-hover-overlay- av-masonry-animation-active av-masonry-col-3 av-caption-always av-caption-style- av-masonry-gallery '><div class=\"av-masonry-container isotope av-js-disabled\"><div class='av-masonry-entry isotope-item av-masonry-item-no-image '><\/div><a href=\"https:\/\/roxor.ch\/wp-content\/uploads\/sites\/2\/2025\/03\/UniversalGreifer-1030x579.jpg\" data-srcset=\"https:\/\/roxor.ch\/wp-content\/uploads\/sites\/2\/2025\/03\/UniversalGreifer-1030x579.jpg 1030w, https:\/\/roxor.ch\/wp-content\/uploads\/sites\/2\/2025\/03\/UniversalGreifer-300x169.jpg 300w, https:\/\/roxor.ch\/wp-content\/uploads\/sites\/2\/2025\/03\/UniversalGreifer-768x432.jpg 768w, https:\/\/roxor.ch\/wp-content\/uploads\/sites\/2\/2025\/03\/UniversalGreifer-705x396.jpg 705w, https:\/\/roxor.ch\/wp-content\/uploads\/sites\/2\/2025\/03\/UniversalGreifer.jpg 1366w\" data-sizes=\"(max-width: 1030px) 100vw, 1030px\"  aria-label=\"Bild Universal Werkzeuggreifer\"  id='av-masonry-1-item-2486' data-av-masonry-item='2486' class='av-masonry-entry isotope-item post-2486 attachment type-attachment status-inherit hentry  av-masonry-item-with-image' title=\"Universal Werkzeuggreifer\" alt=\"\"    itemprop=\"thumbnailUrl\" ><div class='av-inner-masonry-sizer'><\/div><figure class='av-inner-masonry main_color'><div class=\"av-masonry-outerimage-container\"><div class='av-masonry-image-container' style=\"background-image: url(https:\/\/roxor.ch\/wp-content\/uploads\/sites\/2\/2025\/03\/UniversalGreifer-705x396.jpg);\"  title=\"Universal Werkzeuggreifer\"  ><\/div><\/div><\/figure><\/a><!--end av-masonry entry--><a href=\"https:\/\/roxor.ch\/wp-content\/uploads\/sites\/2\/2025\/03\/Strahlkabine_innen-1030x579.jpg\" data-srcset=\"https:\/\/roxor.ch\/wp-content\/uploads\/sites\/2\/2025\/03\/Strahlkabine_innen-1030x579.jpg 1030w, https:\/\/roxor.ch\/wp-content\/uploads\/sites\/2\/2025\/03\/Strahlkabine_innen-300x169.jpg 300w, https:\/\/roxor.ch\/wp-content\/uploads\/sites\/2\/2025\/03\/Strahlkabine_innen-768x432.jpg 768w, https:\/\/roxor.ch\/wp-content\/uploads\/sites\/2\/2025\/03\/Strahlkabine_innen-705x396.jpg 705w, https:\/\/roxor.ch\/wp-content\/uploads\/sites\/2\/2025\/03\/Strahlkabine_innen.jpg 1366w\" data-sizes=\"(max-width: 1030px) 100vw, 1030px\"  aria-label=\"Bild Strahlkabine Innenansicht\"  id='av-masonry-1-item-2484' data-av-masonry-item='2484' class='av-masonry-entry isotope-item post-2484 attachment type-attachment status-inherit hentry  av-masonry-item-with-image' title=\"Strahlkabine Innenansicht\" alt=\"\"    itemprop=\"thumbnailUrl\" ><div class='av-inner-masonry-sizer'><\/div><figure class='av-inner-masonry main_color'><div class=\"av-masonry-outerimage-container\"><div class='av-masonry-image-container' style=\"background-image: url(https:\/\/roxor.ch\/wp-content\/uploads\/sites\/2\/2025\/03\/Strahlkabine_innen-705x396.jpg);\"  title=\"Strahlkabine Innenansicht\"  ><\/div><\/div><\/figure><\/a><!--end av-masonry entry--><a href=\"https:\/\/roxor.ch\/wp-content\/uploads\/sites\/2\/2025\/03\/Strahlduese-1030x579.jpg\" data-srcset=\"https:\/\/roxor.ch\/wp-content\/uploads\/sites\/2\/2025\/03\/Strahlduese-1030x579.jpg 1030w, https:\/\/roxor.ch\/wp-content\/uploads\/sites\/2\/2025\/03\/Strahlduese-300x169.jpg 300w, https:\/\/roxor.ch\/wp-content\/uploads\/sites\/2\/2025\/03\/Strahlduese-768x432.jpg 768w, https:\/\/roxor.ch\/wp-content\/uploads\/sites\/2\/2025\/03\/Strahlduese-705x396.jpg 705w, https:\/\/roxor.ch\/wp-content\/uploads\/sites\/2\/2025\/03\/Strahlduese.jpg 1366w\" data-sizes=\"(max-width: 1030px) 100vw, 1030px\"  aria-label=\"Bild Roboterarm mit Strahld\u00fcse\"  id='av-masonry-1-item-2482' data-av-masonry-item='2482' class='av-masonry-entry isotope-item post-2482 attachment type-attachment status-inherit hentry  av-masonry-item-with-image' title=\"Roboterarm mit Strahld\u00fcse\" alt=\"\"    itemprop=\"thumbnailUrl\" ><div class='av-inner-masonry-sizer'><\/div><figure class='av-inner-masonry main_color'><div class=\"av-masonry-outerimage-container\"><div class='av-masonry-image-container' style=\"background-image: url(https:\/\/roxor.ch\/wp-content\/uploads\/sites\/2\/2025\/03\/Strahlduese-705x396.jpg);\"  title=\"Roboterarm mit Strahld\u00fcse\"  ><\/div><\/div><\/figure><\/a><!--end av-masonry entry--><\/div><\/div>\n\n","protected":false},"excerpt":{"rendered":"","protected":false},"author":3,"featured_media":0,"parent":2038,"menu_order":0,"comment_status":"closed","ping_status":"closed","template":"","meta":{"inline_featured_image":false,"footnotes":""},"class_list":["post-2126","page","type-page","status-publish","hentry"],"_links":{"self":[{"href":"https:\/\/roxor.ch\/de\/wp-json\/wp\/v2\/pages\/2126"}],"collection":[{"href":"https:\/\/roxor.ch\/de\/wp-json\/wp\/v2\/pages"}],"about":[{"href":"https:\/\/roxor.ch\/de\/wp-json\/wp\/v2\/types\/page"}],"author":[{"embeddable":true,"href":"https:\/\/roxor.ch\/de\/wp-json\/wp\/v2\/users\/3"}],"replies":[{"embeddable":true,"href":"https:\/\/roxor.ch\/de\/wp-json\/wp\/v2\/comments?post=2126"}],"version-history":[{"count":21,"href":"https:\/\/roxor.ch\/de\/wp-json\/wp\/v2\/pages\/2126\/revisions"}],"predecessor-version":[{"id":2786,"href":"https:\/\/roxor.ch\/de\/wp-json\/wp\/v2\/pages\/2126\/revisions\/2786"}],"up":[{"embeddable":true,"href":"https:\/\/roxor.ch\/de\/wp-json\/wp\/v2\/pages\/2038"}],"wp:attachment":[{"href":"https:\/\/roxor.ch\/de\/wp-json\/wp\/v2\/media?parent=2126"}],"curies":[{"name":"wp","href":"https:\/\/api.w.org\/{rel}","templated":true}]}}