{"id":2129,"date":"2025-03-03T14:00:49","date_gmt":"2025-03-03T14:00:49","guid":{"rendered":"https:\/\/roxor.ch\/?page_id=2129"},"modified":"2025-04-28T07:52:05","modified_gmt":"2025-04-28T07:52:05","slug":"rsas-102","status":"publish","type":"page","link":"https:\/\/roxor.ch\/de\/referenzen\/rsas-102\/","title":{"rendered":"Referenz &#8211; RSAS-102"},"content":{"rendered":"<div id='av_section_1'  class='avia-section av-28jeh0k-5bd3ac53c1a16786aab9411ad1c27cf9 footer_color avia-section-default avia-no-border-styling  avia-builder-el-0  el_before_av_hr  avia-builder-el-first  page_intro page_intro_am avia-bg-style-scroll av-minimum-height av-minimum-height-50  container_wrap fullsize'   data-av_minimum_height_pc='50'><div class='container av-section-cont-open' ><main  role=\"main\" itemprop=\"mainContentOfPage\"  class='template-page content  av-content-full alpha units'><div class='post-entry post-entry-type-page post-entry-2129'><div class='entry-content-wrapper clearfix'>\n\n<style type=\"text\/css\" data-created_by=\"avia_inline_auto\" id=\"style-css-av-25xq4p0-d2eba66711b8394d2c00c87b84ca3acf\">\n.flex_column.av-25xq4p0-d2eba66711b8394d2c00c87b84ca3acf{\n-webkit-border-radius:0px 0px 0px 0px;\n-moz-border-radius:0px 0px 0px 0px;\nborder-radius:0px 0px 0px 0px;\n}\n<\/style>\n<div class='flex_column av-25xq4p0-d2eba66711b8394d2c00c87b84ca3acf av_one_half  avia-builder-el-1  el_before_av_one_half  avia-builder-el-first  page_intro_title first flex_column_div av-animated-generic left-to-right av-zero-column-padding '     ><style type=\"text\/css\" data-created_by=\"avia_inline_auto\" id=\"style-css-av-24kp310-cecfab5720082e06a608bdef9d651198\">\n#top .av-special-heading.av-24kp310-cecfab5720082e06a608bdef9d651198{\npadding-bottom:10px;\n}\nbody .av-special-heading.av-24kp310-cecfab5720082e06a608bdef9d651198 .av-special-heading-tag .heading-char{\nfont-size:25px;\n}\n.av-special-heading.av-24kp310-cecfab5720082e06a608bdef9d651198 .av-subheading{\nfont-size:15px;\n}\n<\/style>\n<div  class='av-special-heading av-24kp310-cecfab5720082e06a608bdef9d651198 av-special-heading-h1 blockquote modern-quote  avia-builder-el-2  avia-builder-el-no-sibling '><h1 class='av-special-heading-tag'  itemprop=\"headline\"  >Aktivierungsstrahlanlage<\/h1><div class='av-subheading av-subheading_below'><p>RSAS-102<\/p>\n<\/div><div class=\"special-heading-border\"><div class=\"special-heading-inner-border\"><\/div><\/div><\/div><\/div><div class='flex_column av-l8vepg-d7d5c596ba375233d6dd66be764775cb av_one_half  avia-builder-el-3  el_after_av_one_half  avia-builder-el-last  flex_column_div '     ><\/div>\n<\/div><\/div><\/main><!-- close content main element --><\/div><\/div><div id='after_section_1'  class='main_color av_default_container_wrap container_wrap fullsize'  ><div class='container av-section-cont-open' ><div class='template-page content  av-content-full alpha units'><div class='post-entry post-entry-type-page post-entry-2129'><div class='entry-content-wrapper clearfix'>\n\n<style type=\"text\/css\" data-created_by=\"avia_inline_auto\" id=\"style-css-av-m7nd0h7e-3956a0dc863b6da075ed6988f5f29131\">\n#top .hr.hr-invisible.av-m7nd0h7e-3956a0dc863b6da075ed6988f5f29131{\nheight:50px;\n}\n<\/style>\n<div  class='hr av-m7nd0h7e-3956a0dc863b6da075ed6988f5f29131 hr-invisible  avia-builder-el-4  el_after_av_section  el_before_av_section  avia-builder-el-no-sibling '><span class='hr-inner '><span class=\"hr-inner-style\"><\/span><\/span><\/div>\n<\/div><\/div><\/div><!-- close content main div --><\/div><\/div><div id='av_section_2'  class='avia-section av-2429af8-41bd7aa1fe05f598fe66cebb7afe1564 main_color avia-section-default avia-no-border-styling  avia-builder-el-5  el_after_av_hr  el_before_av_section  maschine_beschrieb avia-bg-style-scroll container_wrap fullsize'  ><div class='container av-section-cont-open' ><div class='template-page content  av-content-full alpha units'><div class='post-entry post-entry-type-page post-entry-2129'><div class='entry-content-wrapper clearfix'>\n\n<style type=\"text\/css\" data-created_by=\"avia_inline_auto\" id=\"style-css-av-215quw4-798f87c37b6d9752295fa0972c0838ce\">\n.flex_column.av-215quw4-798f87c37b6d9752295fa0972c0838ce{\n-webkit-border-radius:0px 0px 0px 0px;\n-moz-border-radius:0px 0px 0px 0px;\nborder-radius:0px 0px 0px 0px;\n}\n<\/style>\n<div class='flex_column av-215quw4-798f87c37b6d9752295fa0972c0838ce av_three_fourth  avia-builder-el-6  el_before_av_one_fourth  avia-builder-el-first  first flex_column_div av-zero-column-padding '     ><p>\n<style type=\"text\/css\" data-created_by=\"avia_inline_auto\" id=\"style-css-av-201v8sk-813582d605c9394471b50c479abbf2ca\">\n#top .av-special-heading.av-201v8sk-813582d605c9394471b50c479abbf2ca{\npadding-bottom:10px;\n}\nbody .av-special-heading.av-201v8sk-813582d605c9394471b50c479abbf2ca .av-special-heading-tag .heading-char{\nfont-size:25px;\n}\n.av-special-heading.av-201v8sk-813582d605c9394471b50c479abbf2ca .av-subheading{\nfont-size:15px;\n}\n<\/style>\n<div  class='av-special-heading av-201v8sk-813582d605c9394471b50c479abbf2ca av-special-heading-h1 blockquote modern-quote  avia-builder-el-7  el_before_av_textblock  avia-builder-el-first '><h1 class='av-special-heading-tag'  itemprop=\"headline\"  >KURZBESCHRIEB<\/h1><div class=\"special-heading-border\"><div class=\"special-heading-inner-border\"><\/div><\/div><\/div><br \/>\n<section  class='av_textblock_section av-1xqpug4-6865c5027bbb3dbb7e9458c3d0feb0db'  itemscope=\"itemscope\" itemtype=\"https:\/\/schema.org\/CreativeWork\" ><div class='avia_textblock'  itemprop=\"text\" ><p>Die Aktivierungsstrahlanlage RSAS-102 steht bei einem der modernsten Wartungsbetriebe f\u00fcr GE Triebwerke im Einsatz. Herstellervorschriften erfordern die Verwendung von zwei unterschiedlichen Strahlmitteltypen. Kleinere Werkst\u00fccke k\u00f6nnen manuell gestrahlt werden.<\/p>\n<\/div><\/section><br \/>\n\n<style type=\"text\/css\" data-created_by=\"avia_inline_auto\" id=\"style-css-av-1x0hwys-aeccba7851f3689d06ab268a58c4dcb1\">\n#top .av-special-heading.av-1x0hwys-aeccba7851f3689d06ab268a58c4dcb1{\npadding-bottom:10px;\n}\nbody .av-special-heading.av-1x0hwys-aeccba7851f3689d06ab268a58c4dcb1 .av-special-heading-tag .heading-char{\nfont-size:25px;\n}\n.av-special-heading.av-1x0hwys-aeccba7851f3689d06ab268a58c4dcb1 .av-subheading{\nfont-size:15px;\n}\n<\/style>\n<div  class='av-special-heading av-1x0hwys-aeccba7851f3689d06ab268a58c4dcb1 av-special-heading-h1 blockquote modern-quote  avia-builder-el-9  el_after_av_textblock  el_before_av_table '><h1 class='av-special-heading-tag'  itemprop=\"headline\"  >Technische Daten<\/h1><div class=\"special-heading-border\"><div class=\"special-heading-inner-border\"><\/div><\/div><\/div><br \/>\n<div class='avia-data-table-wrap av-1vanmd0-a6bac88dfff726236ad3e1819285bc87 avia_responsive_table avia-table-1'><table  class='avia-table avia-data-table avia_pricing_minimal  avia-builder-el-10  el_after_av_heading  avia-builder-el-last  technischedaten'  itemscope=\"itemscope\" itemtype=\"https:\/\/schema.org\/Table\" ><tbody><tr class=''><td class='avia-highlight-col'>Typ<\/td><td class=''>Aktivierungsstrahlen<\/td><\/tr><tr class=''><td class='avia-highlight-col'>Kabine<\/td><td class=''>doppelwandig schall-isoliert, verschraubt Schiebet\u00fcre automatisch Beladekran 1000kg<\/td><\/tr><tr class=''><td class='avia-highlight-col'>Strahlmittel<\/td><td class=''>Korund F60, F120<\/td><\/tr><tr class=''><td class='avia-highlight-col'>Strahlsystem<\/td><td class=''>kontinuierliches Strahlsystem mit 3 Dosierungen, Durchflussrate 0.4 \u2013 4.0 kg\/min und einer Dosiergenauigkeit von min. \u00b1 5%<br \/>\n<\/td><\/tr><tr class=''><td class='avia-highlight-col'>D\u00fcsenbewegung<\/td><td class=''>1 ABB 6-Achsen Roboter IRB 4600-40\/2.55<\/td><\/tr><tr class=''><td class='avia-highlight-col'>Bauteilbewegung<\/td><td class=''>1 Drehtisch als 7. Roboterachse angetrieben<\/td><\/tr><tr class=''><td class='avia-highlight-col'>Bauteilgr\u00f6ssen<\/td><td class=''>Durchmesser bis 2300 mm, H\u00f6he bis 800 mm<\/td><\/tr><\/tbody><\/table><\/div><\/p><\/div><div class='flex_column av-7t9fg4-4fc6e4a9ffab411c4f78eacdf2357655 av_one_fourth  avia-builder-el-11  el_after_av_three_fourth  avia-builder-el-last  flex_column_div av-hide-on-mobile '     ><div  class='avia-builder-widget-area clearfix  avia-builder-el-12  avia-builder-el-no-sibling '><div id=\"nav_menu-2\" class=\"widget clearfix widget_nav_menu\"><h3 class=\"widgettitle\">Weitere Anlagen<\/h3><div class=\"menu-untermenu-referenzanlagen-container\"><ul id=\"menu-untermenu-referenzanlagen\" class=\"menu\"><li id=\"menu-item-2343\" class=\"menu-item menu-item-type-post_type menu-item-object-page menu-item-2343\"><a href=\"https:\/\/roxor.ch\/de\/referenzen\/kumta-102\/\">KUMTA-102<\/a><\/li>\n<li id=\"menu-item-2344\" class=\"menu-item menu-item-type-post_type menu-item-object-page menu-item-2344\"><a href=\"https:\/\/roxor.ch\/de\/referenzen\/kuvs-102\/\">KUVS-102<\/a><\/li>\n<li id=\"menu-item-2345\" class=\"menu-item menu-item-type-post_type menu-item-object-page menu-item-2345\"><a href=\"https:\/\/roxor.ch\/de\/referenzen\/kuvs-104\/\">KUVS-104<\/a><\/li>\n<li id=\"menu-item-2346\" class=\"menu-item menu-item-type-post_type menu-item-object-page menu-item-2346\"><a href=\"https:\/\/roxor.ch\/de\/referenzen\/rsas-102\/\">RSAS-102<\/a><\/li>\n<\/ul><\/div><\/div><\/div><\/div><\/div><\/div><\/div><!-- close content main div --><\/div><\/div><div id='av_section_3'  class='avia-section av-jfbspw-782656bdad9e7f86a11d960f19563f2f main_color avia-section-default avia-no-border-styling  avia-builder-el-13  el_after_av_section  el_before_av_hr  avia-bg-style-scroll container_wrap fullsize'  ><div class='container av-section-cont-open' ><div class='template-page content  av-content-full alpha units'><div class='post-entry post-entry-type-page post-entry-2129'><div class='entry-content-wrapper clearfix'>\n\n<style type=\"text\/css\" data-created_by=\"avia_inline_auto\" id=\"style-css-av-h318w4-e1a8f3a89d00a4956cd689c8d45c2657\">\n.flex_column.av-h318w4-e1a8f3a89d00a4956cd689c8d45c2657{\n-webkit-border-radius:0px 0px 0px 0px;\n-moz-border-radius:0px 0px 0px 0px;\nborder-radius:0px 0px 0px 0px;\n}\n<\/style>\n<div class='flex_column av-h318w4-e1a8f3a89d00a4956cd689c8d45c2657 av_one_half  avia-builder-el-14  el_before_av_one_half  avia-builder-el-first  detailvorteile first flex_column_div av-zero-column-padding '     ><p>\n<style type=\"text\/css\" data-created_by=\"avia_inline_auto\" id=\"style-css-av-fgyu9g-08fa42e302125c7cc775e3920ab2759e\">\n#top .av-special-heading.av-fgyu9g-08fa42e302125c7cc775e3920ab2759e{\npadding-bottom:10px;\n}\nbody .av-special-heading.av-fgyu9g-08fa42e302125c7cc775e3920ab2759e .av-special-heading-tag .heading-char{\nfont-size:25px;\n}\n.av-special-heading.av-fgyu9g-08fa42e302125c7cc775e3920ab2759e .av-subheading{\nfont-size:15px;\n}\n<\/style>\n<div  class='av-special-heading av-fgyu9g-08fa42e302125c7cc775e3920ab2759e av-special-heading-h1 blockquote modern-quote  avia-builder-el-15  el_before_av_textblock  avia-builder-el-first '><h1 class='av-special-heading-tag'  itemprop=\"headline\"  >HIGHLIGHTS<\/h1><div class=\"special-heading-border\"><div class=\"special-heading-inner-border\"><\/div><\/div><\/div><br \/>\n<section  class='av_textblock_section av-ejnf90-836a54bd769f48080cee05c578d60e06'  itemscope=\"itemscope\" itemtype=\"https:\/\/schema.org\/CreativeWork\" ><div class='avia_textblock'  itemprop=\"text\" ><ul>\n<li>Minimale Strahlmittelablagerungen in der Kabine dank h\u00e4ngendem Roboter und automatischer Kabinenreinigung<\/li>\n<li>Rascher Wechsel des Strahlmitteltyps durch Schnellablasssystem und mobilen Strahlmittelsilos<\/li>\n<li>Kurze Transferzeit vom Strahlprozess zum Thermosprayprozess dank automatischer Werkst\u00fcckreinigung und direkter Transportbahnverbindung<\/li>\n<li>Energieeinsparung dank R\u00fcckf\u00fchrung der gefilterten Kabinenabluft<\/li>\n<li>Strahlprotokolle nach SAE AMS 2432 Norm<\/li>\n<li>\u00dcberwachung der Strahlschl\u00e4uche ausserhalb der Kabine<\/li>\n<\/ul>\n<\/div><\/section><\/p><\/div>\n<style type=\"text\/css\" data-created_by=\"avia_inline_auto\" id=\"style-css-av-d1z72c-ae11d7fde89e642606c015ab8272544a\">\n.flex_column.av-d1z72c-ae11d7fde89e642606c015ab8272544a{\n-webkit-border-radius:0px 0px 0px 0px;\n-moz-border-radius:0px 0px 0px 0px;\nborder-radius:0px 0px 0px 0px;\n}\n<\/style>\n<div class='flex_column av-d1z72c-ae11d7fde89e642606c015ab8272544a av_one_half  avia-builder-el-17  el_after_av_one_half  avia-builder-el-last  einsatzbereiche flex_column_div av-zero-column-padding '     ><p>\n<style type=\"text\/css\" data-created_by=\"avia_inline_auto\" id=\"style-css-av-azz0kk-099468ffdf2ad03aa81e3229a80451ef\">\n#top .av-special-heading.av-azz0kk-099468ffdf2ad03aa81e3229a80451ef{\npadding-bottom:10px;\n}\nbody .av-special-heading.av-azz0kk-099468ffdf2ad03aa81e3229a80451ef .av-special-heading-tag .heading-char{\nfont-size:25px;\n}\n.av-special-heading.av-azz0kk-099468ffdf2ad03aa81e3229a80451ef .av-subheading{\nfont-size:15px;\n}\n<\/style>\n<div  class='av-special-heading av-azz0kk-099468ffdf2ad03aa81e3229a80451ef av-special-heading-h1 blockquote modern-quote  avia-builder-el-18  el_before_av_textblock  avia-builder-el-first '><h1 class='av-special-heading-tag'  itemprop=\"headline\"  >EINSATZBEREICHE<\/h1><div class=\"special-heading-border\"><div class=\"special-heading-inner-border\"><\/div><\/div><\/div><br \/>\n<section  class='av_textblock_section av-9am2ys-7a1b59e71381978124e4f5b190aba936'  itemscope=\"itemscope\" itemtype=\"https:\/\/schema.org\/CreativeWork\" ><div class='avia_textblock'  itemprop=\"text\" ><ul>\n<li>Fan-Geh\u00e4use von GE-Treibwerken<\/li>\n<li>Diverse Getriebe und Strukturteile welche eine Vorbehandlung f\u00fcr galvanische Oberfl\u00e4chenbehandlungen ben\u00f6tigen<\/li>\n<\/ul>\n<\/div><\/section><\/p><\/div>\n<\/div><\/div><\/div><!-- close content main div --><\/div><\/div><div id='after_section_3'  class='main_color av_default_container_wrap container_wrap fullsize'  ><div class='container av-section-cont-open' ><div class='template-page content  av-content-full alpha units'><div class='post-entry post-entry-type-page post-entry-2129'><div class='entry-content-wrapper clearfix'><\/p>\n<div  class='hr av-7zip0k-baf859cd59e73387a8d490e038fade2f hr-default  avia-builder-el-20  el_after_av_section  el_before_av_section  avia-builder-el-no-sibling '><span class='hr-inner '><span class=\"hr-inner-style\"><\/span><\/span><\/div>\n<\/div><\/div><\/div><!-- close content main div --><\/div><\/div><div id='av_section_4'  class='avia-section av-65txuc-77e2fa3dbda571a6b6f187a0ef72ee25 main_color avia-section-default avia-no-border-styling  avia-builder-el-21  el_after_av_hr  avia-builder-el-last  avia-bg-style-scroll container_wrap fullsize'  ><div class='container av-section-cont-open' ><div class='template-page content  av-content-full alpha units'><div class='post-entry post-entry-type-page post-entry-2129'><div class='entry-content-wrapper clearfix'>\n\n<style type=\"text\/css\" data-created_by=\"avia_inline_auto\" id=\"style-css-av-4q6l44-4901b43d849d27e9af9e305fb90f3e1e\">\n#top .av-special-heading.av-4q6l44-4901b43d849d27e9af9e305fb90f3e1e{\npadding-bottom:10px;\n}\nbody .av-special-heading.av-4q6l44-4901b43d849d27e9af9e305fb90f3e1e .av-special-heading-tag .heading-char{\nfont-size:25px;\n}\n.av-special-heading.av-4q6l44-4901b43d849d27e9af9e305fb90f3e1e .av-subheading{\nfont-size:15px;\n}\n<\/style>\n<div  class='av-special-heading av-4q6l44-4901b43d849d27e9af9e305fb90f3e1e av-special-heading-h1 blockquote modern-quote  avia-builder-el-22  el_before_av_masonry_gallery  avia-builder-el-no-sibling '><h1 class='av-special-heading-tag'  itemprop=\"headline\"  >Galerie<\/h1><div class=\"special-heading-border\"><div class=\"special-heading-inner-border\"><\/div><\/div><\/div>\n<div id='av-masonry-1' class='av-masonry av-2tpitw-4f111a2d4f8747af259b9a5244368628 noHover av-fixed-size av-large-gap av-hover-overlay- av-masonry-animation-active av-masonry-col-3 av-caption-always av-caption-style- av-masonry-gallery '><div class=\"av-masonry-container isotope av-js-disabled\"><div class='av-masonry-entry isotope-item av-masonry-item-no-image '><\/div><a href=\"https:\/\/roxor.ch\/wp-content\/uploads\/sites\/2\/2025\/03\/Anlange_komplett-1030x579.jpg\" data-srcset=\"https:\/\/roxor.ch\/wp-content\/uploads\/sites\/2\/2025\/03\/Anlange_komplett-1030x579.jpg 1030w, https:\/\/roxor.ch\/wp-content\/uploads\/sites\/2\/2025\/03\/Anlange_komplett-300x169.jpg 300w, https:\/\/roxor.ch\/wp-content\/uploads\/sites\/2\/2025\/03\/Anlange_komplett-768x432.jpg 768w, https:\/\/roxor.ch\/wp-content\/uploads\/sites\/2\/2025\/03\/Anlange_komplett-705x396.jpg 705w, https:\/\/roxor.ch\/wp-content\/uploads\/sites\/2\/2025\/03\/Anlange_komplett.jpg 1366w\" data-sizes=\"(max-width: 1030px) 100vw, 1030px\"  aria-label=\"Bild Komplettansicht der Strahlkabine\"  id='av-masonry-1-item-2488' data-av-masonry-item='2488' class='av-masonry-entry isotope-item post-2488 attachment type-attachment status-inherit hentry  av-masonry-item-with-image' title=\"Komplettansicht der Strahlkabine\" alt=\"\"    itemprop=\"thumbnailUrl\" ><div class='av-inner-masonry-sizer'><\/div><figure class='av-inner-masonry main_color'><div class=\"av-masonry-outerimage-container\"><div class='av-masonry-image-container' style=\"background-image: url(https:\/\/roxor.ch\/wp-content\/uploads\/sites\/2\/2025\/03\/Anlange_komplett-705x396.jpg);\"  title=\"Komplettansicht der Strahlkabine\"  ><\/div><\/div><\/figure><\/a><!--end av-masonry entry--><a href=\"https:\/\/roxor.ch\/wp-content\/uploads\/sites\/2\/2025\/03\/Dosierung-579x1030.jpg\" data-srcset=\"https:\/\/roxor.ch\/wp-content\/uploads\/sites\/2\/2025\/03\/Dosierung-579x1030.jpg 579w, https:\/\/roxor.ch\/wp-content\/uploads\/sites\/2\/2025\/03\/Dosierung-169x300.jpg 169w, https:\/\/roxor.ch\/wp-content\/uploads\/sites\/2\/2025\/03\/Dosierung-396x705.jpg 396w, https:\/\/roxor.ch\/wp-content\/uploads\/sites\/2\/2025\/03\/Dosierung.jpg 768w\" data-sizes=\"(max-width: 579px) 100vw, 579px\"  aria-label=\"Bild Strahlmitteldosierung\"  id='av-masonry-1-item-2495' data-av-masonry-item='2495' class='av-masonry-entry isotope-item post-2495 attachment type-attachment status-inherit hentry  av-masonry-item-with-image' title=\"Strahlmitteldosierung\" alt=\"\"    itemprop=\"thumbnailUrl\" ><div class='av-inner-masonry-sizer'><\/div><figure class='av-inner-masonry main_color'><div class=\"av-masonry-outerimage-container\"><div class='av-masonry-image-container' style=\"background-image: url(https:\/\/roxor.ch\/wp-content\/uploads\/sites\/2\/2025\/03\/Dosierung-396x705.jpg);\"  title=\"Strahlmitteldosierung\"  ><\/div><\/div><\/figure><\/a><!--end av-masonry entry--><a href=\"https:\/\/roxor.ch\/wp-content\/uploads\/sites\/2\/2025\/03\/Strahmittelsilos-1030x579.jpg\" data-srcset=\"https:\/\/roxor.ch\/wp-content\/uploads\/sites\/2\/2025\/03\/Strahmittelsilos-1030x579.jpg 1030w, https:\/\/roxor.ch\/wp-content\/uploads\/sites\/2\/2025\/03\/Strahmittelsilos-300x169.jpg 300w, https:\/\/roxor.ch\/wp-content\/uploads\/sites\/2\/2025\/03\/Strahmittelsilos-768x432.jpg 768w, https:\/\/roxor.ch\/wp-content\/uploads\/sites\/2\/2025\/03\/Strahmittelsilos-705x396.jpg 705w, https:\/\/roxor.ch\/wp-content\/uploads\/sites\/2\/2025\/03\/Strahmittelsilos.jpg 1366w\" data-sizes=\"(max-width: 1030px) 100vw, 1030px\"  aria-label=\"Bild Strahmittelsilos\"  id='av-masonry-1-item-2497' data-av-masonry-item='2497' class='av-masonry-entry isotope-item post-2497 attachment type-attachment status-inherit hentry  av-masonry-item-with-image' title=\"Strahmittelsilos\" alt=\"\"    itemprop=\"thumbnailUrl\" ><div class='av-inner-masonry-sizer'><\/div><figure class='av-inner-masonry main_color'><div class=\"av-masonry-outerimage-container\"><div class='av-masonry-image-container' style=\"background-image: url(https:\/\/roxor.ch\/wp-content\/uploads\/sites\/2\/2025\/03\/Strahmittelsilos-705x396.jpg);\"  title=\"Strahmittelsilos\"  ><\/div><\/div><\/figure><\/a><!--end av-masonry entry--><\/div><\/div>\n\n","protected":false},"excerpt":{"rendered":"","protected":false},"author":3,"featured_media":0,"parent":2038,"menu_order":0,"comment_status":"closed","ping_status":"closed","template":"","meta":{"inline_featured_image":false,"footnotes":""},"class_list":["post-2129","page","type-page","status-publish","hentry"],"_links":{"self":[{"href":"https:\/\/roxor.ch\/de\/wp-json\/wp\/v2\/pages\/2129"}],"collection":[{"href":"https:\/\/roxor.ch\/de\/wp-json\/wp\/v2\/pages"}],"about":[{"href":"https:\/\/roxor.ch\/de\/wp-json\/wp\/v2\/types\/page"}],"author":[{"embeddable":true,"href":"https:\/\/roxor.ch\/de\/wp-json\/wp\/v2\/users\/3"}],"replies":[{"embeddable":true,"href":"https:\/\/roxor.ch\/de\/wp-json\/wp\/v2\/comments?post=2129"}],"version-history":[{"count":13,"href":"https:\/\/roxor.ch\/de\/wp-json\/wp\/v2\/pages\/2129\/revisions"}],"predecessor-version":[{"id":2785,"href":"https:\/\/roxor.ch\/de\/wp-json\/wp\/v2\/pages\/2129\/revisions\/2785"}],"up":[{"embeddable":true,"href":"https:\/\/roxor.ch\/de\/wp-json\/wp\/v2\/pages\/2038"}],"wp:attachment":[{"href":"https:\/\/roxor.ch\/de\/wp-json\/wp\/v2\/media?parent=2129"}],"curies":[{"name":"wp","href":"https:\/\/api.w.org\/{rel}","templated":true}]}}