{"id":612,"date":"2020-03-11T07:05:48","date_gmt":"2020-03-11T07:05:48","guid":{"rendered":"http:\/\/roxor.suesskind.ch\/?page_id=3"},"modified":"2020-08-26T06:43:01","modified_gmt":"2020-08-26T06:43:01","slug":"impressum-datenschutzerklaerung","status":"publish","type":"page","link":"https:\/\/roxor.ch\/de\/impressum-datenschutzerklaerung\/","title":{"rendered":"Impressum &amp; Datenschutzerkl\u00e4rung"},"content":{"rendered":"<div id='av_section_1'  class='avia-section av-ji8sl-ba9e6a02848bb01ee23c222826058dd9 main_color avia-section-default avia-no-border-styling  avia-builder-el-0  avia-builder-el-no-sibling  avia-bg-style-scroll container_wrap fullsize'  ><div class='container av-section-cont-open' ><main  role=\"main\" itemprop=\"mainContentOfPage\"  class='template-page content  av-content-full alpha units'><div class='post-entry post-entry-type-page post-entry-612'><div class='entry-content-wrapper clearfix'>\n\n<style type=\"text\/css\" data-created_by=\"avia_inline_auto\" id=\"style-css-av-4adcqt-07c3e4cb23d125a7b21420cb4da18539\">\n.flex_column.av-4adcqt-07c3e4cb23d125a7b21420cb4da18539{\n-webkit-border-radius:0px 0px 0px 0px;\n-moz-border-radius:0px 0px 0px 0px;\nborder-radius:0px 0px 0px 0px;\n}\n<\/style>\n<div class='flex_column av-4adcqt-07c3e4cb23d125a7b21420cb4da18539 av_one_full  avia-builder-el-1  el_before_av_hr  avia-builder-el-first  first flex_column_div av-zero-column-padding '     ><p>\n<style type=\"text\/css\" data-created_by=\"avia_inline_auto\" id=\"style-css-av-av_heading-d0394c83182a1e2edcfb84978ca2353c\">\n#top .av-special-heading.av-av_heading-d0394c83182a1e2edcfb84978ca2353c{\npadding-bottom:10px;\n}\nbody .av-special-heading.av-av_heading-d0394c83182a1e2edcfb84978ca2353c .av-special-heading-tag .heading-char{\nfont-size:25px;\n}\n.av-special-heading.av-av_heading-d0394c83182a1e2edcfb84978ca2353c .av-subheading{\nfont-size:15px;\n}\n<\/style>\n<div  class='av-special-heading av-av_heading-d0394c83182a1e2edcfb84978ca2353c av-special-heading-h1 blockquote modern-quote  avia-builder-el-2  el_before_av_textblock  avia-builder-el-first '><h1 class='av-special-heading-tag'  itemprop=\"headline\"  >IMPRESSUM<\/h1><div class=\"special-heading-border\"><div class=\"special-heading-inner-border\"><\/div><\/div><\/div><br \/>\n<section  class='av_textblock_section av-1u24l1-5d7ee52fe42de2b75ab48ddadda6b20c'  itemscope=\"itemscope\" itemtype=\"https:\/\/schema.org\/CreativeWork\" ><div class='avia_textblock'  itemprop=\"text\" ><p><strong>FREYMATIC AG &#8211; ROXOR STRAHLANLAGEN<\/strong><br \/>\nPaleu Sura 3,<br \/>\nCH-7013 Domat\/Ems<br \/>\nSwitzerland<br \/>\n<a href=\"tel:+41812584900\">+41 81 258 49 00<\/a><br \/>\n<a href=\"mailto:mail@freymatic.com\">mail@freymatic.com<\/a><\/p>\n<p><strong>KONZEPT, DESIGN, PROGRAMMIERUNG<\/strong><br \/>\nS\u00fcsskind SGD, Chur<br \/>\n<a href=\"https:\/\/www.suesskind.ch\/\" target=\"_blank\" rel=\"noopener noreferrer\">suesskind.ch<\/a><\/p>\n<p><strong>ROXOR.CH.<\/strong> Die Inhalte dieser Website werden mit gr\u00f6sstm\u00f6glicher Sorgfalt erstellt. FREYMATIC \u00fcbernimmt jedoch keine Gew\u00e4hr f\u00fcr die Richtigkeit, Vollst\u00e4ndigkeit und Aktualit\u00e4t der bereitgestellten Inhalte. Die Nutzung der Inhalte der Website erfolgt auf eigene Gefahr des Nutzers. Namentlich gekennzeichnete Beitr\u00e4ge geben die Meinung des jeweiligen Autors wieder.<\/p>\n<p><strong>LINKS.<\/strong> Verlinkte Websites unterliegen der Haftung der jeweiligen Betreiber. FREYMATIC hat keinen Einfluss auf die aktuellen und zuk\u00fcnftigen Inhalte der verkn\u00fcpften Seiten und macht sich die verlinkten Inhalte auch nicht zu eigen.<\/p>\n<p><strong>URHEBERRECHT (COPYRIGHT).<\/strong> Das Copyright f\u00fcr die hier ver\u00f6ffentlichten Inhalte liegt bei FREYMATIC. Inhalte d\u00fcrfen auch auszugsweise nur unter Angabe der minimalen Quellenbezeichnung \u00abroxor.ch\u00bb weitergegeben werden. Die Darstellung dieser Website in fremden Frames ist nicht zul\u00e4ssig.<\/p>\n<\/div><\/section><\/p><\/div><div  class='hr av-k5gtbumi-7bd2b10db700f384591f385e547d095e hr-default  avia-builder-el-4  el_after_av_one_full  el_before_av_one_full '><span class='hr-inner '><span class=\"hr-inner-style\"><\/span><\/span><\/div>\n\n<style type=\"text\/css\" data-created_by=\"avia_inline_auto\" id=\"style-css-av-1ytdph-a7c09f8dfe9276a94db2d1b108874d8f\">\n.flex_column.av-1ytdph-a7c09f8dfe9276a94db2d1b108874d8f{\n-webkit-border-radius:0px 0px 0px 0px;\n-moz-border-radius:0px 0px 0px 0px;\nborder-radius:0px 0px 0px 0px;\n}\n<\/style>\n<div class='flex_column av-1ytdph-a7c09f8dfe9276a94db2d1b108874d8f av_one_full  avia-builder-el-5  el_after_av_hr  avia-builder-el-last  first flex_column_div av-zero-column-padding '     ><p>\n<style type=\"text\/css\" data-created_by=\"avia_inline_auto\" id=\"style-css-av-av_heading-7ffecaa92ed3dc7f1409e7ca5248d790\">\n#top .av-special-heading.av-av_heading-7ffecaa92ed3dc7f1409e7ca5248d790{\npadding-bottom:10px;\n}\nbody .av-special-heading.av-av_heading-7ffecaa92ed3dc7f1409e7ca5248d790 .av-special-heading-tag .heading-char{\nfont-size:25px;\n}\n.av-special-heading.av-av_heading-7ffecaa92ed3dc7f1409e7ca5248d790 .av-subheading{\nfont-size:15px;\n}\n<\/style>\n<div  class='av-special-heading av-av_heading-7ffecaa92ed3dc7f1409e7ca5248d790 av-special-heading-h1 blockquote modern-quote  avia-builder-el-6  el_before_av_textblock  avia-builder-el-first '><h1 class='av-special-heading-tag'  itemprop=\"headline\"  >DATENSCHUTZ\u00adERKL\u00c4RUNG<\/h1><div class=\"special-heading-border\"><div class=\"special-heading-inner-border\"><\/div><\/div><\/div><br \/>\n<section  class='av_textblock_section av-1u24l1-5d7ee52fe42de2b75ab48ddadda6b20c'  itemscope=\"itemscope\" itemtype=\"https:\/\/schema.org\/CreativeWork\" ><div class='avia_textblock'  itemprop=\"text\" ><p><strong>VERWENDUNG VON INFORMATIONEN.<\/strong> Sie k\u00f6nnen grunds\u00e4tzlich unsere Webseiten besuchen, ohne dass Sie Angaben zu Ihrer Person machen m\u00fcssen. Einzig unpers\u00f6nliche Nutzungsdaten wie Ihre IP-Adresse, die zuletzt besuchte Seite, der verwendete Browser, Datum, Uhrzeit etc. werden zwecks Erkennung von Trends und zur Verbesserung des Online-Angebotes anonymisiert und intern ausgewertet. Daraus werden keine R\u00fcckschl\u00fcsse auf Ihre Person gezogen.<\/p>\n<p><strong>KEINE WEITERGABE VON INFORMATIONEN.<\/strong> Ihre obengenannten Daten werden weder verkauft noch mit Dritten geteilt. Ausnahme: Externe Dienstleister, die in unserem Auftrag die hierf\u00fcr zwingend notwendigen Daten verarbeiten. Es handelt sich hierbei im Speziellen um folgende Dienstleister: Google Inc. (Zugriffsstatistiken)<\/p>\n<p><strong>COOKIES.<\/strong> In bestimmten F\u00e4llen werden so genannte Cookies eingesetzt. Sie k\u00f6nnen Ihren Browser so einstellen, dass vor dem Speichern eines Cookies eine Warnung am Bildschirm erscheint. Sie k\u00f6nnen auch auf die Vorteile von pers\u00f6nlichen Cookies verzichten. Bestimmte Dienstleistungen k\u00f6nnen in diesem Fall nicht genutzt werden.<\/p>\n<p><strong>AUFBEWAHRUNG UND SICHERUNG IHRER DATEN.<\/strong> FREYMATIC ergreift angemessene Vorsichtsmassnahmen und setzt entsprechende Technologien ein, um Ihre Daten zu sch\u00fctzen. Sie bleiben nur so lange aufbewahrt, wie es im Hinblick auf den Zweck erforderlich ist.<\/p>\n<p><strong>\u00c4NDERUNGEN DIESER DATENSCHUTZERKL\u00c4RUNG.<\/strong> \u00c4nderungen dieser Datenschutzerkl\u00e4rung k\u00f6nnen jederzeit erfolgen. Bitte konsultieren Sie regelm\u00e4ssig diese Erkl\u00e4rung.<\/p>\n<p><strong>RECHTSGRUNDLAGE.<\/strong> Das Bundesgesetz \u00fcber den Datenschutz (DSG) bildet die Grundlage dieser Datenschutzerkl\u00e4rung.<\/p>\n<\/div><\/section><\/p><\/div>\n","protected":false},"excerpt":{"rendered":"","protected":false},"author":2,"featured_media":0,"parent":0,"menu_order":0,"comment_status":"closed","ping_status":"open","template":"","meta":{"inline_featured_image":false,"footnotes":""},"class_list":["post-612","page","type-page","status-publish","hentry"],"_links":{"self":[{"href":"https:\/\/roxor.ch\/de\/wp-json\/wp\/v2\/pages\/612"}],"collection":[{"href":"https:\/\/roxor.ch\/de\/wp-json\/wp\/v2\/pages"}],"about":[{"href":"https:\/\/roxor.ch\/de\/wp-json\/wp\/v2\/types\/page"}],"author":[{"embeddable":true,"href":"https:\/\/roxor.ch\/de\/wp-json\/wp\/v2\/users\/2"}],"replies":[{"embeddable":true,"href":"https:\/\/roxor.ch\/de\/wp-json\/wp\/v2\/comments?post=612"}],"version-history":[{"count":5,"href":"https:\/\/roxor.ch\/de\/wp-json\/wp\/v2\/pages\/612\/revisions"}],"predecessor-version":[{"id":627,"href":"https:\/\/roxor.ch\/de\/wp-json\/wp\/v2\/pages\/612\/revisions\/627"}],"wp:attachment":[{"href":"https:\/\/roxor.ch\/de\/wp-json\/wp\/v2\/media?parent=612"}],"curies":[{"name":"wp","href":"https:\/\/api.w.org\/{rel}","templated":true}]}}